{"id":19716,"date":"2024-09-11T22:39:03","date_gmt":"2024-09-11T22:39:03","guid":{"rendered":"https:\/\/lms.acrossgen.eu\/interview\/"},"modified":"2024-12-11T00:02:50","modified_gmt":"2024-12-11T00:02:50","slug":"rozhovory","status":"publish","type":"page","link":"https:\/\/lms.acrossgen.eu\/cs\/rozhovory\/","title":{"rendered":"Rozhovory"},"content":{"rendered":"<style>\ntable{<br \/>  border-collapse: collapse!important;<br \/>  border: none!important;<br \/>}<br \/>tr{<br \/>  border-collapse: collapse!important;<br \/>  border: none!important;<br \/>}<br \/>td{<br \/>  border-collapse: collapse!important;<br \/>  border: none!important;<br \/>}<br \/><\/style>\n<div id=\"display-dialog\" class=\"style-scope ytd-inline-form-renderer\">\n<h1 id=\"container\" class=\"dynamic-text-container style-scope yt-dynamic-sizing-formatted-string\">\u010cesk\u00e9 rozhovory<\/h1>\n<\/div>\n<table style=\"max-width: 100%;\" border=\"0\">\n<tbody>\n<tr>\n<td><iframe title=\"YouTube video player\" src=\"https:\/\/www.youtube.com\/embed\/yiCU2DTVqIw?si=9cpg1bNlAJwaKaaq\" width=\"560\" height=\"315\" frameborder=\"0\" allowfullscreen=\"allowfullscreen\"><\/iframe><\/td>\n<td><iframe title=\"YouTube video player\" src=\"https:\/\/www.youtube.com\/embed\/HW46TCrsFAw?si=bCtWiHINXDVWpxCF\" width=\"560\" height=\"315\" frameborder=\"0\" allowfullscreen=\"allowfullscreen\"><\/iframe><\/td>\n<\/tr>\n<tr>\n<td><iframe title=\"YouTube video player\" src=\"https:\/\/www.youtube.com\/embed\/LTG6LjGlxag?si=aD0oQIBsmIpsBB6Y\" width=\"560\" height=\"315\" frameborder=\"0\" allowfullscreen=\"allowfullscreen\"><\/iframe><\/td>\n<td><iframe title=\"YouTube video player\" src=\"https:\/\/www.youtube.com\/embed\/wl17ELE5pjo?si=XYh-leIoBTpW68P6\" width=\"560\" height=\"315\" frameborder=\"0\" allowfullscreen=\"allowfullscreen\"><\/iframe><\/td>\n<\/tr>\n<tr>\n<td><iframe title=\"YouTube video player\" src=\"https:\/\/www.youtube.com\/embed\/3rEg3FbU6SQ?si=DKPtDgJtdC4ABZBz\" width=\"560\" height=\"315\" frameborder=\"0\" allowfullscreen=\"allowfullscreen\"><\/iframe><\/td>\n<td><iframe title=\"YouTube video player\" src=\"https:\/\/www.youtube.com\/embed\/rKkHriLpl5U?si=4LP9WYDwgNSt9nKh\" width=\"560\" height=\"315\" frameborder=\"0\" allowfullscreen=\"allowfullscreen\"><\/iframe><\/td>\n<\/tr>\n<tr>\n<td><iframe title=\"YouTube video player\" src=\"https:\/\/www.youtube.com\/embed\/Qf5EKu7wPc8?si=ueuUqfgxBNnWGrXX\" width=\"560\" height=\"315\" frameborder=\"0\" allowfullscreen=\"allowfullscreen\"><\/iframe><\/td>\n<td><iframe title=\"YouTube video player\" src=\"https:\/\/www.youtube.com\/embed\/HOnSeYedNpk?si=2ldVLq86idaM7ypc\" width=\"560\" height=\"315\" frameborder=\"0\" allowfullscreen=\"allowfullscreen\"><\/iframe><\/td>\n<\/tr>\n<\/tbody>\n<\/table>\n<div id=\"display-dialog\" class=\"style-scope ytd-inline-form-renderer\">\n<h1 id=\"container\" class=\"dynamic-text-container style-scope yt-dynamic-sizing-formatted-string\">Italsk\u00e9 rozhovory<\/h1>\n<\/div>\n<table style=\"max-width: 100%;\" border=\"0\">\n<tbody>\n<tr>\n<td><iframe title=\"YouTube video player\" src=\"https:\/\/www.youtube.com\/embed\/yIuG1P7bFIk?si=fyHSDpYQ87m0VLcX\" width=\"560\" height=\"315\" frameborder=\"0\" allowfullscreen=\"allowfullscreen\"><\/iframe><\/td>\n<td><iframe title=\"YouTube video player\" src=\"https:\/\/www.youtube.com\/embed\/ihhmcVQoaqQ?si=zB_Zs5INclK1OTn8\" width=\"560\" height=\"315\" frameborder=\"0\" allowfullscreen=\"allowfullscreen\"><\/iframe><\/td>\n<\/tr>\n<tr>\n<td><iframe title=\"YouTube video player\" src=\"https:\/\/www.youtube.com\/embed\/_6s1pqP5BUk?si=mew3wZaGmj5CBHKH\" width=\"560\" height=\"315\" frameborder=\"0\" allowfullscreen=\"allowfullscreen\"><\/iframe><\/td>\n<td><iframe title=\"YouTube video player\" src=\"https:\/\/www.youtube.com\/embed\/gmoMkFZ72B4?si=GWrsHuQYNAYCLoAP\" width=\"560\" height=\"315\" frameborder=\"0\" allowfullscreen=\"allowfullscreen\"><\/iframe><\/td>\n<\/tr>\n<tr>\n<td><iframe title=\"YouTube video player\" src=\"https:\/\/www.youtube.com\/embed\/LGWpkOXGgIM?si=vLiLcEb6LHey4qW3\" width=\"560\" height=\"315\" frameborder=\"0\" allowfullscreen=\"allowfullscreen\"><\/iframe><\/td>\n<td><iframe title=\"YouTube video player\" src=\"https:\/\/www.youtube.com\/embed\/OCWd6T72L1s?si=sVOXCTIQ5zQIlJ-u\" width=\"560\" height=\"315\" frameborder=\"0\" allowfullscreen=\"allowfullscreen\"><\/iframe><\/td>\n<\/tr>\n<tr>\n<td><iframe title=\"YouTube video player\" src=\"https:\/\/www.youtube.com\/embed\/fACAohwFIAk?si=X830QeigCxqdfp2p\" width=\"560\" height=\"315\" frameborder=\"0\" allowfullscreen=\"allowfullscreen\"><\/iframe><\/td>\n<td><iframe title=\"YouTube video player\" src=\"https:\/\/www.youtube.com\/embed\/YddDTdq-i4Y?si=tS5JkMLF7yqkp0II\" width=\"560\" height=\"315\" frameborder=\"0\" allowfullscreen=\"allowfullscreen\"><\/iframe><\/td>\n<\/tr>\n<\/tbody>\n<\/table>\n<div id=\"display-dialog\" class=\"style-scope ytd-inline-form-renderer\">\n<h1 id=\"container\" class=\"dynamic-text-container style-scope yt-dynamic-sizing-formatted-string\">\u0160pan\u011blsk\u00e9 rozhovory<\/h1>\n<\/div>\n<table style=\"max-width: 100%;\" border=\"0\">\n<tbody>\n<tr>\n<td><iframe title=\"YouTube video player\" src=\"https:\/\/www.youtube.com\/embed\/Zj02uiGbOjM?si=-xtSgyYmxQoFhDH1\" width=\"560\" height=\"315\" frameborder=\"0\" allowfullscreen=\"allowfullscreen\"><\/iframe><\/td>\n<td><iframe title=\"YouTube video player\" src=\"https:\/\/www.youtube.com\/embed\/Dv0hcIn8bBY?si=7FOSkRwoJL0Neky0\" width=\"560\" height=\"315\" frameborder=\"0\" allowfullscreen=\"allowfullscreen\"><\/iframe><\/td>\n<\/tr>\n<tr>\n<td><iframe title=\"YouTube video player\" src=\"https:\/\/www.youtube.com\/embed\/f9wHiyHNcek?si=xXMPy--EPKIdtxIh\" width=\"560\" height=\"315\" frameborder=\"0\" allowfullscreen=\"allowfullscreen\"><\/iframe><\/td>\n<td><iframe title=\"YouTube video player\" src=\"https:\/\/www.youtube.com\/embed\/p6Y8DQRzNWE?si=XBR0gnE36yzoC2H9\" width=\"560\" height=\"315\" frameborder=\"0\" allowfullscreen=\"allowfullscreen\"><\/iframe><\/td>\n<\/tr>\n<tr>\n<td><iframe title=\"YouTube video player\" src=\"https:\/\/www.youtube.com\/embed\/yMJUDkNGgqY?si=qcrd7QsuaZPO6-7G\" width=\"560\" height=\"315\" frameborder=\"0\" allowfullscreen=\"allowfullscreen\"><\/iframe><\/td>\n<td><iframe title=\"YouTube video player\" src=\"https:\/\/www.youtube.com\/embed\/fvA0hVkFkl8?si=-3Wkx8ohRN0AJ8Xd\" width=\"560\" height=\"315\" frameborder=\"0\" allowfullscreen=\"allowfullscreen\"><\/iframe><\/td>\n<\/tr>\n<tr>\n<td><iframe title=\"YouTube video player\" src=\"https:\/\/www.youtube.com\/embed\/akrkTwRGjzE?si=goUYeAhMM6I4MaPf\" width=\"560\" height=\"315\" frameborder=\"0\" allowfullscreen=\"allowfullscreen\"><\/iframe><\/td>\n<td><iframe title=\"YouTube video player\" src=\"https:\/\/www.youtube.com\/embed\/owtm9H7zaOg?si=JJSmZG1XLrsMLa0N\" width=\"560\" height=\"315\" frameborder=\"0\" allowfullscreen=\"allowfullscreen\"><\/iframe><\/td>\n<\/tr>\n<\/tbody>\n<\/table>\n<div id=\"display-dialog\" class=\"style-scope ytd-inline-form-renderer\">\n<h1 id=\"container\" class=\"dynamic-text-container style-scope yt-dynamic-sizing-formatted-string\">Belgick\u00e9 rozhovory<\/h1>\n<\/div>\n<table style=\"max-width: 100%;\" border=\"0\">\n<tbody>\n<tr>\n<td><iframe title=\"YouTube video player\" src=\"https:\/\/www.youtube.com\/embed\/xoOP3ZHjY9Q?si=-6ae3CatZ_HTSBaQ\" width=\"560\" height=\"315\" frameborder=\"0\" allowfullscreen=\"allowfullscreen\"><\/iframe><\/td>\n<td><iframe title=\"YouTube video player\" src=\"https:\/\/www.youtube.com\/embed\/HFnS4N9uptI?si=IVxcFPvmYdR5fKXV\" width=\"560\" height=\"315\" frameborder=\"0\" allowfullscreen=\"allowfullscreen\"><\/iframe><\/td>\n<\/tr>\n<tr>\n<td><iframe title=\"YouTube video player\" src=\"https:\/\/www.youtube.com\/embed\/X0ufz2zPbAY?si=vRrWqgnAIF0ZVc4A\" width=\"560\" height=\"315\" frameborder=\"0\" allowfullscreen=\"allowfullscreen\"><\/iframe><\/td>\n<td><iframe title=\"YouTube video player\" src=\"https:\/\/www.youtube.com\/embed\/R8kpM1yYd9o?si=l3IwKaC3TjjCkRL-\" width=\"560\" height=\"315\" frameborder=\"0\" allowfullscreen=\"allowfullscreen\"><\/iframe><\/td>\n<\/tr>\n<tr>\n<td><iframe title=\"YouTube video player\" src=\"https:\/\/www.youtube.com\/embed\/udRHXdbb5hE?si=3vqpUpLqmfSmcTFT\" width=\"560\" height=\"315\" frameborder=\"0\" allowfullscreen=\"allowfullscreen\"><\/iframe><\/td>\n<td><iframe title=\"YouTube video player\" src=\"https:\/\/www.youtube.com\/embed\/Oe--8uhwhuE?si=xeqpdpLtbD2gs6kF\" width=\"560\" height=\"315\" frameborder=\"0\" allowfullscreen=\"allowfullscreen\"><\/iframe><\/td>\n<\/tr>\n<tr>\n<td><iframe title=\"YouTube video player\" src=\"https:\/\/www.youtube.com\/embed\/qFESAjsdKvY?si=7R48Qb9Atua3wTXF\" width=\"560\" height=\"315\" frameborder=\"0\" allowfullscreen=\"allowfullscreen\"><\/iframe><\/td>\n<td><iframe title=\"YouTube video player\" src=\"https:\/\/www.youtube.com\/embed\/dVYGj-9j2Dk?si=zNWzgMce-CB8e0xl\" width=\"560\" height=\"315\" frameborder=\"0\" allowfullscreen=\"allowfullscreen\"><\/iframe><\/td>\n<\/tr>\n<\/tbody>\n<\/table>\n","protected":false},"excerpt":{"rendered":"<p>\u010cesk\u00e9 rozhovory Italsk\u00e9 rozhovory \u0160pan\u011blsk\u00e9 rozhovory Belgick\u00e9 rozhovory<\/p>\n","protected":false},"author":1,"featured_media":0,"parent":0,"menu_order":0,"comment_status":"closed","ping_status":"closed","template":"","meta":{"_acf_changed":false,"footnotes":""},"class_list":["post-19716","page","type-page","status-publish","hentry"],"acf":[],"_links":{"self":[{"href":"https:\/\/lms.acrossgen.eu\/cs\/wp-json\/wp\/v2\/pages\/19716","targetHints":{"allow":["GET"]}}],"collection":[{"href":"https:\/\/lms.acrossgen.eu\/cs\/wp-json\/wp\/v2\/pages"}],"about":[{"href":"https:\/\/lms.acrossgen.eu\/cs\/wp-json\/wp\/v2\/types\/page"}],"author":[{"embeddable":true,"href":"https:\/\/lms.acrossgen.eu\/cs\/wp-json\/wp\/v2\/users\/1"}],"replies":[{"embeddable":true,"href":"https:\/\/lms.acrossgen.eu\/cs\/wp-json\/wp\/v2\/comments?post=19716"}],"version-history":[{"count":5,"href":"https:\/\/lms.acrossgen.eu\/cs\/wp-json\/wp\/v2\/pages\/19716\/revisions"}],"predecessor-version":[{"id":20184,"href":"https:\/\/lms.acrossgen.eu\/cs\/wp-json\/wp\/v2\/pages\/19716\/revisions\/20184"}],"wp:attachment":[{"href":"https:\/\/lms.acrossgen.eu\/cs\/wp-json\/wp\/v2\/media?parent=19716"}],"curies":[{"name":"wp","href":"https:\/\/api.w.org\/{rel}","templated":true}]}}