{"id":19913,"date":"2021-08-21T08:15:08","date_gmt":"2021-08-21T08:15:08","guid":{"rendered":"https:\/\/lms.acrossgen.eu\/contact\/"},"modified":"2024-11-11T00:47:17","modified_gmt":"2024-11-11T00:47:17","slug":"socios","status":"publish","type":"page","link":"https:\/\/lms.acrossgen.eu\/es\/socios\/","title":{"rendered":"Socios"},"content":{"rendered":"\t\t<div data-elementor-type=\"wp-page\" data-elementor-id=\"19913\" class=\"elementor elementor-19913 elementor-1997\">\n\t\t\t\t\t\t<section class=\"elementor-section elementor-top-section elementor-element elementor-element-c04531e elementor-section-full_width elementor-section-height-default elementor-section-height-default\" data-id=\"c04531e\" data-element_type=\"section\">\n\t\t\t\t\t\t<div class=\"elementor-container elementor-column-gap-no\">\n\t\t\t\t\t<div class=\"elementor-column elementor-col-100 elementor-top-column elementor-element elementor-element-6f1a659\" data-id=\"6f1a659\" data-element_type=\"column\">\n\t\t\t<div class=\"elementor-widget-wrap elementor-element-populated\">\n\t\t\t\t<div class=\"elementor-element elementor-element-7acd2a6 e-flex e-con-boxed e-con e-parent\" data-id=\"7acd2a6\" data-element_type=\"container\" data-core-v316-plus=\"true\">\n\t\t\t\t\t<div class=\"e-con-inner\">\n\t\t\t\t<div class=\"elementor-element elementor-element-52b5ffe elementor-widget elementor-widget-spacer\" data-id=\"52b5ffe\" data-element_type=\"widget\" data-widget_type=\"spacer.default\">\n\t\t\t\t<div class=\"elementor-widget-container\">\n\t\t\t<style>\/*! elementor - v3.20.0 - 13-03-2024 *\/\n.elementor-column .elementor-spacer-inner{height:var(--spacer-size)}.e-con{--container-widget-width:100%}.e-con-inner>.elementor-widget-spacer,.e-con>.elementor-widget-spacer{width:var(--container-widget-width,var(--spacer-size));--align-self:var(--container-widget-align-self,initial);--flex-shrink:0}.e-con-inner>.elementor-widget-spacer>.elementor-widget-container,.e-con>.elementor-widget-spacer>.elementor-widget-container{height:100%;width:100%}.e-con-inner>.elementor-widget-spacer>.elementor-widget-container>.elementor-spacer,.e-con>.elementor-widget-spacer>.elementor-widget-container>.elementor-spacer{height:100%}.e-con-inner>.elementor-widget-spacer>.elementor-widget-container>.elementor-spacer>.elementor-spacer-inner,.e-con>.elementor-widget-spacer>.elementor-widget-container>.elementor-spacer>.elementor-spacer-inner{height:var(--container-widget-height,var(--spacer-size))}.e-con-inner>.elementor-widget-spacer.elementor-widget-empty,.e-con>.elementor-widget-spacer.elementor-widget-empty{position:relative;min-height:22px;min-width:22px}.e-con-inner>.elementor-widget-spacer.elementor-widget-empty .elementor-widget-empty-icon,.e-con>.elementor-widget-spacer.elementor-widget-empty .elementor-widget-empty-icon{position:absolute;top:0;bottom:0;left:0;right:0;margin:auto;padding:0;width:22px;height:22px}<\/style>\t\t<div class=\"elementor-spacer\">\n\t\t\t<div class=\"elementor-spacer-inner\"><\/div>\n\t\t<\/div>\n\t\t\t\t<\/div>\n\t\t\t\t<\/div>\n\t\t\t\t<div class=\"elementor-element elementor-element-06da3db elementor-widget elementor-widget-heading bdevs-el heading\" data-id=\"06da3db\" data-element_type=\"widget\" data-settings=\"{&quot;design_style&quot;:&quot;style_1&quot;}\" data-widget_type=\"heading.default\">\n\t\t\t\t<div class=\"elementor-widget-container\">\n\t\t\t<style>\/*! elementor - v3.20.0 - 13-03-2024 *\/\n.elementor-heading-title{padding:0;margin:0;line-height:1}.elementor-widget-heading .elementor-heading-title[class*=elementor-size-]>a{color:inherit;font-size:inherit;line-height:inherit}.elementor-widget-heading .elementor-heading-title.elementor-size-small{font-size:15px}.elementor-widget-heading .elementor-heading-title.elementor-size-medium{font-size:19px}.elementor-widget-heading .elementor-heading-title.elementor-size-large{font-size:29px}.elementor-widget-heading .elementor-heading-title.elementor-size-xl{font-size:39px}.elementor-widget-heading .elementor-heading-title.elementor-size-xxl{font-size:59px}<\/style>                            <div class=\"section__title-wrapper bdevs-el-content\">\r\n                                <h3 class=\"section-title bdevs-el-title  bdevs-el-btn section__title\">EuroProfis, s.r.o.<\/h3>                            <\/div>\r\n        \r\n    \r\n        \t\t<\/div>\n\t\t\t\t<\/div>\n\t\t<div class=\"elementor-element elementor-element-637500d e-grid e-con-boxed e-con e-child\" data-id=\"637500d\" data-element_type=\"container\" data-settings=\"{&quot;background_background&quot;:&quot;classic&quot;}\">\n\t\t\t\t\t<div class=\"e-con-inner\">\n\t\t\t\t<div class=\"elementor-element elementor-element-d64801e elementor-widget elementor-widget-image\" data-id=\"d64801e\" data-element_type=\"widget\" data-widget_type=\"image.default\">\n\t\t\t\t<div class=\"elementor-widget-container\">\n\t\t\t<style>\/*! elementor - v3.20.0 - 13-03-2024 *\/\n.elementor-widget-image{text-align:center}.elementor-widget-image a{display:inline-block}.elementor-widget-image a img[src$=\".svg\"]{width:48px}.elementor-widget-image img{vertical-align:middle;display:inline-block}<\/style>\t\t\t\t\t\t\t\t\t\t<img decoding=\"async\" width=\"241\" height=\"72\" src=\"https:\/\/lms.acrossgen.eu\/wp-content\/uploads\/2024\/09\/europrofis-scaled-241x72-1-241x72-1.jpg\" class=\"attachment-large size-large wp-image-19416\" alt=\"\" \/>\t\t\t\t\t\t\t\t\t\t\t\t\t<\/div>\n\t\t\t\t<\/div>\n\t\t\t\t<div class=\"elementor-element elementor-element-8f8bc93 elementor-widget elementor-widget-text-editor\" data-id=\"8f8bc93\" data-element_type=\"widget\" data-widget_type=\"text-editor.default\">\n\t\t\t\t<div class=\"elementor-widget-container\">\n\t\t\t<style>\/*! elementor - v3.20.0 - 13-03-2024 *\/\n.elementor-widget-text-editor.elementor-drop-cap-view-stacked .elementor-drop-cap{background-color:#69727d;color:#fff}.elementor-widget-text-editor.elementor-drop-cap-view-framed .elementor-drop-cap{color:#69727d;border:3px solid;background-color:transparent}.elementor-widget-text-editor:not(.elementor-drop-cap-view-default) .elementor-drop-cap{margin-top:8px}.elementor-widget-text-editor:not(.elementor-drop-cap-view-default) .elementor-drop-cap-letter{width:1em;height:1em}.elementor-widget-text-editor .elementor-drop-cap{float:left;text-align:center;line-height:1;font-size:50px}.elementor-widget-text-editor .elementor-drop-cap-letter{display:inline-block}<\/style>\t\t\t\t<div class=\"media text-left text-lg-left\"><div class=\"media-body\"><h5 class=\"   text-left text-lg-left \"><span class=\"\">Contact person:<\/span><\/h5><p class=\"\">Michaela Vr\u00e1nov\u00e1<\/p><\/div><\/div><div class=\"media text-left text-lg-left\"><div class=\"media-body\"><h5 class=\"   text-left text-lg-left \"><span class=\"\">Address:<\/span><\/h5><p class=\"\">Vinohradsk\u00e1 29\/93 120 00 Praha 2, \u010cesk\u00e1 republika<\/p><\/div><\/div><div class=\"media text-left text-lg-left\"><div class=\"media-body\"><h5 class=\"   text-left text-lg-left \"><span class=\"\">Email:<\/span><\/h5><p class=\"\">michaela.vranova@europrofis.cz<\/p><\/div><\/div><div class=\"media text-left text-lg-left\"><div class=\"media-body\"><h5 class=\"   text-left text-lg-left \"><span class=\"\">Website:<\/span><\/h5><p class=\"\">www.europrofis.cz<\/p><\/div><\/div>\t\t\t\t\t\t<\/div>\n\t\t\t\t<\/div>\n\t\t\t\t<div class=\"elementor-element elementor-element-fc5cfe8 elementor-widget elementor-widget-text-editor\" data-id=\"fc5cfe8\" data-element_type=\"widget\" data-widget_type=\"text-editor.default\">\n\t\t\t\t<div class=\"elementor-widget-container\">\n\t\t\t\t\t\t\t<p>EuroProfis se fund\u00f3 en 1997 y desde el principio se centr\u00f3 en la formaci\u00f3n (sobre todo en el sector de la automoci\u00f3n) y en la gesti\u00f3n de proyectos a nivel naciona e internacional. Somos expertos en fondos europeos, sobre todo en proyectos relacionados con la educaci\u00f3n FP para j\u00f3venes y adultos. Nuestras actividades principales son analizar las necesidades educativas, desarrollar programas educativos a medida y desarrollar labores de consultor\u00eda. Tambi\u00e9n preparamos y realizamos cursos educativos, seminarios y aprendizaje en l\u00ednea. Desarrollamos innovaciones para contribuir a la aceleraci\u00f3n del mercado laboral.<\/p>\t\t\t\t\t\t<\/div>\n\t\t\t\t<\/div>\n\t\t\t\t\t<\/div>\n\t\t\t\t<\/div>\n\t\t\t\t\t<\/div>\n\t\t\t\t<\/div>\n\t\t\t\t\t<\/div>\n\t\t<\/div>\n\t\t\t\t\t<\/div>\n\t\t<\/section>\n\t\t\t\t<section class=\"elementor-section elementor-top-section elementor-element elementor-element-ece8a5f elementor-section-full_width elementor-section-height-default elementor-section-height-default\" data-id=\"ece8a5f\" data-element_type=\"section\">\n\t\t\t\t\t\t<div class=\"elementor-container elementor-column-gap-no\">\n\t\t\t\t\t<div class=\"elementor-column elementor-col-100 elementor-top-column elementor-element elementor-element-b2c2ff3\" data-id=\"b2c2ff3\" data-element_type=\"column\">\n\t\t\t<div class=\"elementor-widget-wrap elementor-element-populated\">\n\t\t\t\t<div class=\"elementor-element elementor-element-45b90e3 e-flex e-con-boxed e-con e-parent\" data-id=\"45b90e3\" data-element_type=\"container\" data-core-v316-plus=\"true\">\n\t\t\t\t\t<div class=\"e-con-inner\">\n\t\t\t\t<div class=\"elementor-element elementor-element-fc0fb66 elementor-widget elementor-widget-spacer\" data-id=\"fc0fb66\" data-element_type=\"widget\" data-widget_type=\"spacer.default\">\n\t\t\t\t<div class=\"elementor-widget-container\">\n\t\t\t\t\t<div class=\"elementor-spacer\">\n\t\t\t<div class=\"elementor-spacer-inner\"><\/div>\n\t\t<\/div>\n\t\t\t\t<\/div>\n\t\t\t\t<\/div>\n\t\t\t\t<div class=\"elementor-element elementor-element-e7242e4 elementor-widget elementor-widget-heading bdevs-el heading\" data-id=\"e7242e4\" data-element_type=\"widget\" data-settings=\"{&quot;design_style&quot;:&quot;style_1&quot;}\" data-widget_type=\"heading.default\">\n\t\t\t\t<div class=\"elementor-widget-container\">\n\t\t\t                            <div class=\"section__title-wrapper bdevs-el-content\">\r\n                                <h3 class=\"section-title bdevs-el-title  bdevs-el-btn section__title\">FyG Consultores<\/h3>                            <\/div>\r\n        \r\n    \r\n        \t\t<\/div>\n\t\t\t\t<\/div>\n\t\t<div class=\"elementor-element elementor-element-a629a38 e-grid e-con-boxed e-con e-child\" data-id=\"a629a38\" data-element_type=\"container\">\n\t\t\t\t\t<div class=\"e-con-inner\">\n\t\t\t\t<div class=\"elementor-element elementor-element-b76b3fe elementor-widget elementor-widget-image\" data-id=\"b76b3fe\" data-element_type=\"widget\" data-widget_type=\"image.default\">\n\t\t\t\t<div class=\"elementor-widget-container\">\n\t\t\t\t\t\t\t\t\t\t\t\t\t<img fetchpriority=\"high\" decoding=\"async\" width=\"300\" height=\"203\" src=\"https:\/\/lms.acrossgen.eu\/wp-content\/uploads\/2024\/09\/logotipo2-300x203-1-300x203-1.png\" class=\"attachment-large size-large wp-image-19424\" alt=\"\" \/>\t\t\t\t\t\t\t\t\t\t\t\t\t<\/div>\n\t\t\t\t<\/div>\n\t\t\t\t<div class=\"elementor-element elementor-element-d521cb8 elementor-widget elementor-widget-text-editor\" data-id=\"d521cb8\" data-element_type=\"widget\" data-widget_type=\"text-editor.default\">\n\t\t\t\t<div class=\"elementor-widget-container\">\n\t\t\t\t\t\t\t<div class=\"media text-left text-lg-left\"><div class=\"media-body\"><div class=\"media text-left text-lg-left\"><div class=\"media-body\"><h5 class=\"   text-left text-lg-left \"><span class=\"\">Contact person:<\/span><\/h5><p class=\"\">Fabi\u00e1n G\u00f3mez<\/p><\/div><\/div><div class=\"media text-left text-lg-left\"><div class=\"media-body\"><h5 class=\"   text-left text-lg-left \"><span class=\"\">Address:<\/span><\/h5><p class=\"\">Calle de la Paz, 6, puerta2 46003, Valencia<\/p><\/div><\/div><div class=\"media text-left text-lg-left\"><div class=\"media-body\"><h5 class=\"   text-left text-lg-left \"><span class=\"\">Email:<\/span><\/h5><p class=\"\">info@fygconsultores.com<\/p><\/div><\/div><div class=\"media text-left text-lg-left\"><div class=\"media-body\"><h5 class=\"   text-left text-lg-left \"><span class=\"\">Website:<\/span><\/h5><p class=\"\">www.fygconsultores.com<\/p><\/div><\/div><\/div><\/div>\t\t\t\t\t\t<\/div>\n\t\t\t\t<\/div>\n\t\t\t\t<div class=\"elementor-element elementor-element-171f6ce elementor-widget elementor-widget-text-editor\" data-id=\"171f6ce\" data-element_type=\"widget\" data-widget_type=\"text-editor.default\">\n\t\t\t\t<div class=\"elementor-widget-container\">\n\t\t\t\t\t\t\t<p>Instalofi Levante S. L. (FyG Consultores) es una organizaci\u00f3n formativa privada que promueve el mercado laboral local y el proceso de aprendizaje constante de adultos, empresas y j\u00f3venes.<br \/>FyG trabaja de forma activa en servicios de desarrollo profesional en una amplia gama de programas, cuyo prop\u00f3sito es ayudar a personas a obtener conocimientos, habilidades y actitudes para gestionar su aprendizaje, trabajo y carrera profesional. Los programas formativos de FyG est\u00e1n relacionados con la creaci\u00f3n de empresas y conceptos innovadores, habilidades digitales y para emprender, conocimientos financieros, empleabilidad, comportamientos de cooperaci\u00f3n y soft skills. La amplia experiencia de FyG en proyectos europeos como Erasmus+, Horizon2020, COSME y Erasmus para j\u00f3venes emprendedores, formaci\u00f3n para Start-Ups, internacionalizaci\u00f3n, ludificaci\u00f3n, e innovaci\u00f3n del aprendizaje empresarial.<\/p>\t\t\t\t\t\t<\/div>\n\t\t\t\t<\/div>\n\t\t\t\t\t<\/div>\n\t\t\t\t<\/div>\n\t\t\t\t\t<\/div>\n\t\t\t\t<\/div>\n\t\t\t\t\t<\/div>\n\t\t<\/div>\n\t\t\t\t\t<\/div>\n\t\t<\/section>\n\t\t\t\t<section class=\"elementor-section elementor-top-section elementor-element elementor-element-5b21d8d elementor-section-full_width elementor-section-height-default elementor-section-height-default\" data-id=\"5b21d8d\" data-element_type=\"section\">\n\t\t\t\t\t\t<div class=\"elementor-container elementor-column-gap-no\">\n\t\t\t\t\t<div class=\"elementor-column elementor-col-100 elementor-top-column elementor-element elementor-element-35a766b\" data-id=\"35a766b\" data-element_type=\"column\">\n\t\t\t<div class=\"elementor-widget-wrap elementor-element-populated\">\n\t\t\t\t<div class=\"elementor-element elementor-element-2a62d28 e-flex e-con-boxed e-con e-parent\" data-id=\"2a62d28\" data-element_type=\"container\" data-core-v316-plus=\"true\">\n\t\t\t\t\t<div class=\"e-con-inner\">\n\t\t\t\t<div class=\"elementor-element elementor-element-d67889f elementor-widget elementor-widget-spacer\" data-id=\"d67889f\" data-element_type=\"widget\" data-widget_type=\"spacer.default\">\n\t\t\t\t<div class=\"elementor-widget-container\">\n\t\t\t\t\t<div class=\"elementor-spacer\">\n\t\t\t<div class=\"elementor-spacer-inner\"><\/div>\n\t\t<\/div>\n\t\t\t\t<\/div>\n\t\t\t\t<\/div>\n\t\t\t\t<div class=\"elementor-element elementor-element-a8b7e76 elementor-widget elementor-widget-heading bdevs-el heading\" data-id=\"a8b7e76\" data-element_type=\"widget\" data-settings=\"{&quot;design_style&quot;:&quot;style_1&quot;}\" data-widget_type=\"heading.default\">\n\t\t\t\t<div class=\"elementor-widget-container\">\n\t\t\t                            <div class=\"section__title-wrapper bdevs-el-content\">\r\n                                <h3 class=\"section-title bdevs-el-title  bdevs-el-btn section__title\">EVTA<\/h3>                            <\/div>\r\n        \r\n    \r\n        \t\t<\/div>\n\t\t\t\t<\/div>\n\t\t<div class=\"elementor-element elementor-element-de2826b e-grid e-con-boxed e-con e-child\" data-id=\"de2826b\" data-element_type=\"container\">\n\t\t\t\t\t<div class=\"e-con-inner\">\n\t\t\t\t<div class=\"elementor-element elementor-element-f64ddb0 elementor-widget elementor-widget-image\" data-id=\"f64ddb0\" data-element_type=\"widget\" data-widget_type=\"image.default\">\n\t\t\t\t<div class=\"elementor-widget-container\">\n\t\t\t\t\t\t\t\t\t\t\t\t\t<img decoding=\"async\" width=\"300\" height=\"171\" src=\"https:\/\/lms.acrossgen.eu\/wp-content\/uploads\/2024\/09\/logo_EVTA_19-e1590248530609-300x171-1-300x171-1.png\" class=\"attachment-large size-large wp-image-19429\" alt=\"\" \/>\t\t\t\t\t\t\t\t\t\t\t\t\t<\/div>\n\t\t\t\t<\/div>\n\t\t\t\t<div class=\"elementor-element elementor-element-7c8c4ca elementor-widget elementor-widget-text-editor\" data-id=\"7c8c4ca\" data-element_type=\"widget\" data-widget_type=\"text-editor.default\">\n\t\t\t\t<div class=\"elementor-widget-container\">\n\t\t\t\t\t\t\t<div class=\"media text-left text-lg-left\"><div class=\"media-body\"><div class=\"media text-left text-lg-left\"><div class=\"media-body\"><div class=\"media text-left text-lg-left\"><div class=\"media-body\"><h5 class=\"   text-left text-lg-left \"><span class=\"\">Contact person:<\/span><\/h5><p class=\"\">Clara Agostini Campista<\/p><\/div><\/div><div class=\"media text-left text-lg-left\"><div class=\"media-body\"><h5 class=\"   text-left text-lg-left \"><span class=\"\">Address:<\/span><\/h5><p class=\"\">Rue Victor Oudart 7, 1030 Brussels, BELGIUM<\/p><\/div><\/div><div class=\"media text-left text-lg-left\"><div class=\"media-body\"><h5 class=\"   text-left text-lg-left \"><span class=\"\">Email:<\/span><\/h5><p class=\"\">c.agostini@evta.eu<\/p><\/div><\/div><div class=\"media text-left text-lg-left\"><div class=\"media-body\"><h5 class=\"   text-left text-lg-left \"><span class=\"\">Website:<\/span><\/h5><p class=\"\">www.evta.eu<\/p><\/div><\/div><\/div><\/div><\/div><\/div>\t\t\t\t\t\t<\/div>\n\t\t\t\t<\/div>\n\t\t\t\t<div class=\"elementor-element elementor-element-843fea1 elementor-widget elementor-widget-text-editor\" data-id=\"843fea1\" data-element_type=\"widget\" data-widget_type=\"text-editor.default\">\n\t\t\t\t<div class=\"elementor-widget-container\">\n\t\t\t\t\t\t\t<p>European Vocational Training Association \u2013 EVTA, es una red europea l\u00edder en el campo de la formaci\u00f3n profesional, que representa a proveedores de formaci\u00f3n por toda Europa. Se estableci\u00f3 en B\u00e9lgica en 1998 como una asociaci\u00f3n sin \u00e1nimo de lucro, y es el resultado de cooperaci\u00f3n entre proveedores de formaci\u00f3n profesional de diversos pa\u00edses miembro de la Uni\u00f3n Europea en el marco europeo de cualificaciones.<br \/>En la \u00faltima d\u00e9cada, EVTA ha evolucionado hasta convertirse en un actor clave en el campo de la formaci\u00f3n profesional y el desarrollo del capital humano. Ha participado en mesas de cooperaci\u00f3n y conservaci\u00f3n, para dar apoyo a sus organizaciones miembro y asegura que se sastifacen sus necesidades y expectativas.<\/p>\t\t\t\t\t\t<\/div>\n\t\t\t\t<\/div>\n\t\t\t\t\t<\/div>\n\t\t\t\t<\/div>\n\t\t\t\t\t<\/div>\n\t\t\t\t<\/div>\n\t\t\t\t\t<\/div>\n\t\t<\/div>\n\t\t\t\t\t<\/div>\n\t\t<\/section>\n\t\t\t\t<section class=\"elementor-section elementor-top-section elementor-element elementor-element-028ed24 elementor-section-full_width elementor-section-height-default elementor-section-height-default\" data-id=\"028ed24\" data-element_type=\"section\">\n\t\t\t\t\t\t<div class=\"elementor-container elementor-column-gap-no\">\n\t\t\t\t\t<div class=\"elementor-column elementor-col-100 elementor-top-column elementor-element elementor-element-8fe6c66\" data-id=\"8fe6c66\" data-element_type=\"column\">\n\t\t\t<div class=\"elementor-widget-wrap elementor-element-populated\">\n\t\t\t\t<div class=\"elementor-element elementor-element-fb9182e e-flex e-con-boxed e-con e-parent\" data-id=\"fb9182e\" data-element_type=\"container\" data-core-v316-plus=\"true\">\n\t\t\t\t\t<div class=\"e-con-inner\">\n\t\t\t\t<div class=\"elementor-element elementor-element-163e694 elementor-widget elementor-widget-spacer\" data-id=\"163e694\" data-element_type=\"widget\" data-widget_type=\"spacer.default\">\n\t\t\t\t<div class=\"elementor-widget-container\">\n\t\t\t\t\t<div class=\"elementor-spacer\">\n\t\t\t<div class=\"elementor-spacer-inner\"><\/div>\n\t\t<\/div>\n\t\t\t\t<\/div>\n\t\t\t\t<\/div>\n\t\t\t\t<div class=\"elementor-element elementor-element-60e9dc2 elementor-widget elementor-widget-heading bdevs-el heading\" data-id=\"60e9dc2\" data-element_type=\"widget\" data-settings=\"{&quot;design_style&quot;:&quot;style_1&quot;}\" data-widget_type=\"heading.default\">\n\t\t\t\t<div class=\"elementor-widget-container\">\n\t\t\t                            <div class=\"section__title-wrapper bdevs-el-content\">\r\n                                <h3 class=\"section-title bdevs-el-title  bdevs-el-btn section__title\">EduVita<\/h3>                            <\/div>\r\n        \r\n    \r\n        \t\t<\/div>\n\t\t\t\t<\/div>\n\t\t<div class=\"elementor-element elementor-element-469ed12 e-grid e-con-boxed e-con e-child\" data-id=\"469ed12\" data-element_type=\"container\">\n\t\t\t\t\t<div class=\"e-con-inner\">\n\t\t\t\t<div class=\"elementor-element elementor-element-1a34cdf elementor-widget elementor-widget-image\" data-id=\"1a34cdf\" data-element_type=\"widget\" data-widget_type=\"image.default\">\n\t\t\t\t<div class=\"elementor-widget-container\">\n\t\t\t\t\t\t\t\t\t\t\t\t\t<img loading=\"lazy\" decoding=\"async\" width=\"270\" height=\"73\" src=\"https:\/\/lms.acrossgen.eu\/wp-content\/uploads\/2024\/09\/Asset-1png-e1568884044778-270x73-1.png\" class=\"attachment-large size-large wp-image-19437\" alt=\"\" \/>\t\t\t\t\t\t\t\t\t\t\t\t\t<\/div>\n\t\t\t\t<\/div>\n\t\t\t\t<div class=\"elementor-element elementor-element-18899e8 elementor-widget elementor-widget-text-editor\" data-id=\"18899e8\" data-element_type=\"widget\" data-widget_type=\"text-editor.default\">\n\t\t\t\t<div class=\"elementor-widget-container\">\n\t\t\t\t\t\t\t<div class=\"media text-left text-lg-left\"><div class=\"media-body\"><div class=\"media text-left text-lg-left\"><div class=\"media-body\"><div class=\"media text-left text-lg-left\"><div class=\"media-body\"><div class=\"media text-left text-lg-left\"><div class=\"media-body\"><h5 class=\"   text-left text-lg-left \"><span class=\"\">Contact person:<\/span><\/h5><p class=\"\">Hanna Urbanovich<\/p><\/div><\/div><div class=\"media text-left text-lg-left\"><div class=\"media-body\"><h5 class=\"   text-left text-lg-left \"><span class=\"\">Address:<\/span><\/h5><p class=\"\">via Principi di Savoia, 16, Lecce, ITALY<\/p><\/div><\/div><div class=\"media text-left text-lg-left\"><div class=\"media-body\"><h5 class=\"   text-left text-lg-left \"><span class=\"\">Email:<\/span><\/h5><p class=\"\">info@eduvita.it<\/p><\/div><\/div><div class=\"media text-left text-lg-left\"><div class=\"media-body\"><h5 class=\"   text-left text-lg-left \"><span class=\"\">Website:<\/span><\/h5><p class=\"\">www.eduvita.it<\/p><\/div><\/div><\/div><\/div><\/div><\/div><\/div><\/div>\t\t\t\t\t\t<\/div>\n\t\t\t\t<\/div>\n\t\t\t\t<div class=\"elementor-element elementor-element-a436234 elementor-widget elementor-widget-text-editor\" data-id=\"a436234\" data-element_type=\"widget\" data-widget_type=\"text-editor.default\">\n\t\t\t\t<div class=\"elementor-widget-container\">\n\t\t\t\t\t\t\t<p>EduVita es un centro educativo, cultural e intergeneracional en el coraz\u00f3n de Lecce, al sur de Italia, fundada en 2019.<br \/>EduVita es un lugar de conexi\u00f3n entre pasado, presente y futuro: creamos oportunidades de aprendizaje para mejorar la calidad de vida de la gente mayor y joven a trav\u00e9s del di\u00e1logo intergeneracional.<br \/>Nos centramos en investigaci\u00f3n pedag\u00f3gica, innovaci\u00f3n en los m\u00e9todos de ense\u00f1anza y procesos de aprendizaje, dise\u00f1o de entornos de aprendizaje y desarrollo de nuevas metodolog\u00edas basadas en la educaci\u00f3n para adultos y enfoques de aprendizaje intergeneracional.<\/p>\t\t\t\t\t\t<\/div>\n\t\t\t\t<\/div>\n\t\t\t\t\t<\/div>\n\t\t\t\t<\/div>\n\t\t\t\t\t<\/div>\n\t\t\t\t<\/div>\n\t\t\t\t\t<\/div>\n\t\t<\/div>\n\t\t\t\t\t<\/div>\n\t\t<\/section>\n\t\t\t\t<\/div>\n\t\t","protected":false},"excerpt":{"rendered":"<p>EuroProfis, s.r.o. Contact person: Michaela Vr\u00e1nov\u00e1 Address: Vinohradsk\u00e1 29\/93 120 00 Praha 2, \u010cesk\u00e1 republika Email: michaela.vranova@europrofis.cz Website: www.europrofis.cz EuroProfis [&hellip;]<\/p>\n","protected":false},"author":1,"featured_media":0,"parent":0,"menu_order":0,"comment_status":"closed","ping_status":"closed","template":"elementor_header_footer","meta":{"_acf_changed":false,"footnotes":""},"class_list":["post-19913","page","type-page","status-publish","hentry"],"acf":[],"_links":{"self":[{"href":"https:\/\/lms.acrossgen.eu\/es\/wp-json\/wp\/v2\/pages\/19913","targetHints":{"allow":["GET"]}}],"collection":[{"href":"https:\/\/lms.acrossgen.eu\/es\/wp-json\/wp\/v2\/pages"}],"about":[{"href":"https:\/\/lms.acrossgen.eu\/es\/wp-json\/wp\/v2\/types\/page"}],"author":[{"embeddable":true,"href":"https:\/\/lms.acrossgen.eu\/es\/wp-json\/wp\/v2\/users\/1"}],"replies":[{"embeddable":true,"href":"https:\/\/lms.acrossgen.eu\/es\/wp-json\/wp\/v2\/comments?post=19913"}],"version-history":[{"count":4,"href":"https:\/\/lms.acrossgen.eu\/es\/wp-json\/wp\/v2\/pages\/19913\/revisions"}],"predecessor-version":[{"id":20117,"href":"https:\/\/lms.acrossgen.eu\/es\/wp-json\/wp\/v2\/pages\/19913\/revisions\/20117"}],"wp:attachment":[{"href":"https:\/\/lms.acrossgen.eu\/es\/wp-json\/wp\/v2\/media?parent=19913"}],"curies":[{"name":"wp","href":"https:\/\/api.w.org\/{rel}","templated":true}]}}