{"id":19836,"date":"2021-08-21T08:15:08","date_gmt":"2021-08-21T08:15:08","guid":{"rendered":"https:\/\/lms.acrossgen.eu\/contact\/"},"modified":"2024-11-11T00:46:09","modified_gmt":"2024-11-11T00:46:09","slug":"partner","status":"publish","type":"page","link":"https:\/\/lms.acrossgen.eu\/it\/partner\/","title":{"rendered":"Partner"},"content":{"rendered":"\t\t<div data-elementor-type=\"wp-page\" data-elementor-id=\"19836\" class=\"elementor elementor-19836 elementor-1997\">\n\t\t\t\t\t\t<section class=\"elementor-section elementor-top-section elementor-element elementor-element-c04531e elementor-section-full_width elementor-section-height-default elementor-section-height-default\" data-id=\"c04531e\" data-element_type=\"section\">\n\t\t\t\t\t\t<div class=\"elementor-container elementor-column-gap-no\">\n\t\t\t\t\t<div class=\"elementor-column elementor-col-100 elementor-top-column elementor-element elementor-element-6f1a659\" data-id=\"6f1a659\" data-element_type=\"column\">\n\t\t\t<div class=\"elementor-widget-wrap elementor-element-populated\">\n\t\t\t\t<div class=\"elementor-element elementor-element-7acd2a6 e-flex e-con-boxed e-con e-parent\" data-id=\"7acd2a6\" data-element_type=\"container\" data-core-v316-plus=\"true\">\n\t\t\t\t\t<div class=\"e-con-inner\">\n\t\t\t\t<div class=\"elementor-element elementor-element-52b5ffe elementor-widget elementor-widget-spacer\" data-id=\"52b5ffe\" data-element_type=\"widget\" data-widget_type=\"spacer.default\">\n\t\t\t\t<div class=\"elementor-widget-container\">\n\t\t\t<style>\/*! elementor - v3.20.0 - 13-03-2024 *\/\n.elementor-column .elementor-spacer-inner{height:var(--spacer-size)}.e-con{--container-widget-width:100%}.e-con-inner>.elementor-widget-spacer,.e-con>.elementor-widget-spacer{width:var(--container-widget-width,var(--spacer-size));--align-self:var(--container-widget-align-self,initial);--flex-shrink:0}.e-con-inner>.elementor-widget-spacer>.elementor-widget-container,.e-con>.elementor-widget-spacer>.elementor-widget-container{height:100%;width:100%}.e-con-inner>.elementor-widget-spacer>.elementor-widget-container>.elementor-spacer,.e-con>.elementor-widget-spacer>.elementor-widget-container>.elementor-spacer{height:100%}.e-con-inner>.elementor-widget-spacer>.elementor-widget-container>.elementor-spacer>.elementor-spacer-inner,.e-con>.elementor-widget-spacer>.elementor-widget-container>.elementor-spacer>.elementor-spacer-inner{height:var(--container-widget-height,var(--spacer-size))}.e-con-inner>.elementor-widget-spacer.elementor-widget-empty,.e-con>.elementor-widget-spacer.elementor-widget-empty{position:relative;min-height:22px;min-width:22px}.e-con-inner>.elementor-widget-spacer.elementor-widget-empty .elementor-widget-empty-icon,.e-con>.elementor-widget-spacer.elementor-widget-empty .elementor-widget-empty-icon{position:absolute;top:0;bottom:0;left:0;right:0;margin:auto;padding:0;width:22px;height:22px}<\/style>\t\t<div class=\"elementor-spacer\">\n\t\t\t<div class=\"elementor-spacer-inner\"><\/div>\n\t\t<\/div>\n\t\t\t\t<\/div>\n\t\t\t\t<\/div>\n\t\t\t\t<div class=\"elementor-element elementor-element-06da3db elementor-widget elementor-widget-heading bdevs-el heading\" data-id=\"06da3db\" data-element_type=\"widget\" data-settings=\"{&quot;design_style&quot;:&quot;style_1&quot;}\" data-widget_type=\"heading.default\">\n\t\t\t\t<div class=\"elementor-widget-container\">\n\t\t\t<style>\/*! elementor - v3.20.0 - 13-03-2024 *\/\n.elementor-heading-title{padding:0;margin:0;line-height:1}.elementor-widget-heading .elementor-heading-title[class*=elementor-size-]>a{color:inherit;font-size:inherit;line-height:inherit}.elementor-widget-heading .elementor-heading-title.elementor-size-small{font-size:15px}.elementor-widget-heading .elementor-heading-title.elementor-size-medium{font-size:19px}.elementor-widget-heading .elementor-heading-title.elementor-size-large{font-size:29px}.elementor-widget-heading .elementor-heading-title.elementor-size-xl{font-size:39px}.elementor-widget-heading .elementor-heading-title.elementor-size-xxl{font-size:59px}<\/style>                            <div class=\"section__title-wrapper bdevs-el-content\">\r\n                                <h3 class=\"section-title bdevs-el-title  bdevs-el-btn section__title\">EuroProfis, s.r.o.<\/h3>                            <\/div>\r\n        \r\n    \r\n        \t\t<\/div>\n\t\t\t\t<\/div>\n\t\t<div class=\"elementor-element elementor-element-637500d e-grid e-con-boxed e-con e-child\" data-id=\"637500d\" data-element_type=\"container\" data-settings=\"{&quot;background_background&quot;:&quot;classic&quot;}\">\n\t\t\t\t\t<div class=\"e-con-inner\">\n\t\t\t\t<div class=\"elementor-element elementor-element-d64801e elementor-widget elementor-widget-image\" data-id=\"d64801e\" data-element_type=\"widget\" data-widget_type=\"image.default\">\n\t\t\t\t<div class=\"elementor-widget-container\">\n\t\t\t<style>\/*! elementor - v3.20.0 - 13-03-2024 *\/\n.elementor-widget-image{text-align:center}.elementor-widget-image a{display:inline-block}.elementor-widget-image a img[src$=\".svg\"]{width:48px}.elementor-widget-image img{vertical-align:middle;display:inline-block}<\/style>\t\t\t\t\t\t\t\t\t\t<img decoding=\"async\" width=\"241\" height=\"72\" src=\"https:\/\/lms.acrossgen.eu\/wp-content\/uploads\/2024\/09\/europrofis-scaled-241x72-1-241x72-1.jpg\" class=\"attachment-large size-large wp-image-19416\" alt=\"\" \/>\t\t\t\t\t\t\t\t\t\t\t\t\t<\/div>\n\t\t\t\t<\/div>\n\t\t\t\t<div class=\"elementor-element elementor-element-8f8bc93 elementor-widget elementor-widget-text-editor\" data-id=\"8f8bc93\" data-element_type=\"widget\" data-widget_type=\"text-editor.default\">\n\t\t\t\t<div class=\"elementor-widget-container\">\n\t\t\t<style>\/*! elementor - v3.20.0 - 13-03-2024 *\/\n.elementor-widget-text-editor.elementor-drop-cap-view-stacked .elementor-drop-cap{background-color:#69727d;color:#fff}.elementor-widget-text-editor.elementor-drop-cap-view-framed .elementor-drop-cap{color:#69727d;border:3px solid;background-color:transparent}.elementor-widget-text-editor:not(.elementor-drop-cap-view-default) .elementor-drop-cap{margin-top:8px}.elementor-widget-text-editor:not(.elementor-drop-cap-view-default) .elementor-drop-cap-letter{width:1em;height:1em}.elementor-widget-text-editor .elementor-drop-cap{float:left;text-align:center;line-height:1;font-size:50px}.elementor-widget-text-editor .elementor-drop-cap-letter{display:inline-block}<\/style>\t\t\t\t<div class=\"media text-left text-lg-left\"><div class=\"media-body\"><h5 class=\" text-left text-lg-left \">Persona di contatto:<\/h5><p class=\"\">Michaela Vr\u00e1nov\u00e1<\/p><\/div><\/div><div class=\"media text-left text-lg-left\"><div class=\"media-body\"><h5 class=\" text-left text-lg-left \">Indirizzo:<\/h5><p class=\"\">Vinohradsk\u00e1 29\/93 120 00 Praha 2, \u010cesk\u00e1 republika<\/p><\/div><\/div><div class=\"media text-left text-lg-left\"><div class=\"media-body\"><h5 class=\" text-left text-lg-left \"><span class=\"\">Email:<\/span><\/h5><p class=\"\">michaela.vranova@europrofis.cz<\/p><\/div><\/div><div class=\"media text-left text-lg-left\"><div class=\"media-body\"><h5 class=\" text-left text-lg-left \">Sito web:<\/h5><p class=\"\">www.europrofis.cz<\/p><\/div><\/div>\t\t\t\t\t\t<\/div>\n\t\t\t\t<\/div>\n\t\t\t\t<div class=\"elementor-element elementor-element-fc5cfe8 elementor-widget elementor-widget-text-editor\" data-id=\"fc5cfe8\" data-element_type=\"widget\" data-widget_type=\"text-editor.default\">\n\t\t\t\t<div class=\"elementor-widget-container\">\n\t\t\t\t\t\t\t<p>EuroProfis \u00e8 stata fondata nel 1997 e, fin dall\u2019inizio, ci siamo sempre concentrati sul training (soprattutto nel settore automotive), e sul project management a livello nazionale e internazionale. Siamo specialisti nei fondi dell\u2019Unione Europea per la progettazione relativa alla formazione di studenti e adulti VET (Vocational Educational Training). Le nostre attivit\u00e0 principali riguardano analisi dei bisogni educativi, sviluppo \u201cpersonalizzato\u201d di programmi educativi e sviluppo di servizi di consulenza. Ci concentriamo, inoltre, sulla preparazione e realizzazione di corsi formativi, seminari e e-learning. Sviluppiamo tali innovazioni allo scopo di supportare l\u2019accelerazione del mercato del lavoro.<\/p>\t\t\t\t\t\t<\/div>\n\t\t\t\t<\/div>\n\t\t\t\t\t<\/div>\n\t\t\t\t<\/div>\n\t\t\t\t\t<\/div>\n\t\t\t\t<\/div>\n\t\t\t\t\t<\/div>\n\t\t<\/div>\n\t\t\t\t\t<\/div>\n\t\t<\/section>\n\t\t\t\t<section class=\"elementor-section elementor-top-section elementor-element elementor-element-ece8a5f elementor-section-full_width elementor-section-height-default elementor-section-height-default\" data-id=\"ece8a5f\" data-element_type=\"section\">\n\t\t\t\t\t\t<div class=\"elementor-container elementor-column-gap-no\">\n\t\t\t\t\t<div class=\"elementor-column elementor-col-100 elementor-top-column elementor-element elementor-element-b2c2ff3\" data-id=\"b2c2ff3\" data-element_type=\"column\">\n\t\t\t<div class=\"elementor-widget-wrap elementor-element-populated\">\n\t\t\t\t<div class=\"elementor-element elementor-element-45b90e3 e-flex e-con-boxed e-con e-parent\" data-id=\"45b90e3\" data-element_type=\"container\" data-core-v316-plus=\"true\">\n\t\t\t\t\t<div class=\"e-con-inner\">\n\t\t\t\t<div class=\"elementor-element elementor-element-fc0fb66 elementor-widget elementor-widget-spacer\" data-id=\"fc0fb66\" data-element_type=\"widget\" data-widget_type=\"spacer.default\">\n\t\t\t\t<div class=\"elementor-widget-container\">\n\t\t\t\t\t<div class=\"elementor-spacer\">\n\t\t\t<div class=\"elementor-spacer-inner\"><\/div>\n\t\t<\/div>\n\t\t\t\t<\/div>\n\t\t\t\t<\/div>\n\t\t\t\t<div class=\"elementor-element elementor-element-e7242e4 elementor-widget elementor-widget-heading bdevs-el heading\" data-id=\"e7242e4\" data-element_type=\"widget\" data-settings=\"{&quot;design_style&quot;:&quot;style_1&quot;}\" data-widget_type=\"heading.default\">\n\t\t\t\t<div class=\"elementor-widget-container\">\n\t\t\t                            <div class=\"section__title-wrapper bdevs-el-content\">\r\n                                <h3 class=\"section-title bdevs-el-title  bdevs-el-btn section__title\">FyG Consultores<\/h3>                            <\/div>\r\n        \r\n    \r\n        \t\t<\/div>\n\t\t\t\t<\/div>\n\t\t<div class=\"elementor-element elementor-element-a629a38 e-grid e-con-boxed e-con e-child\" data-id=\"a629a38\" data-element_type=\"container\">\n\t\t\t\t\t<div class=\"e-con-inner\">\n\t\t\t\t<div class=\"elementor-element elementor-element-b76b3fe elementor-widget elementor-widget-image\" data-id=\"b76b3fe\" data-element_type=\"widget\" data-widget_type=\"image.default\">\n\t\t\t\t<div class=\"elementor-widget-container\">\n\t\t\t\t\t\t\t\t\t\t\t\t\t<img fetchpriority=\"high\" decoding=\"async\" width=\"300\" height=\"203\" src=\"https:\/\/lms.acrossgen.eu\/wp-content\/uploads\/2024\/09\/logotipo2-300x203-1-300x203-1.png\" class=\"attachment-large size-large wp-image-19424\" alt=\"\" \/>\t\t\t\t\t\t\t\t\t\t\t\t\t<\/div>\n\t\t\t\t<\/div>\n\t\t\t\t<div class=\"elementor-element elementor-element-d521cb8 elementor-widget elementor-widget-text-editor\" data-id=\"d521cb8\" data-element_type=\"widget\" data-widget_type=\"text-editor.default\">\n\t\t\t\t<div class=\"elementor-widget-container\">\n\t\t\t\t\t\t\t<div class=\"media text-left text-lg-left\"><div class=\"media-body\"><div class=\"media text-left text-lg-left\"><div class=\"media-body\"><h5 class=\" text-left text-lg-left \">Persona di contatto:<\/h5><p class=\"\">Fabi\u00e1n G\u00f3mez<\/p><\/div><\/div><div class=\"media text-left text-lg-left\"><div class=\"media-body\"><h5 class=\" text-left text-lg-left \">Indirizzo:<\/h5><p class=\"\">Calle de la Paz, 6, puerta2 46003, Valencia<\/p><\/div><\/div><div class=\"media text-left text-lg-left\"><div class=\"media-body\"><h5 class=\" text-left text-lg-left \"><span class=\"\">Email:<\/span><\/h5><p class=\"\">info@fygconsultores.com<\/p><\/div><\/div><div class=\"media text-left text-lg-left\"><div class=\"media-body\"><h5 class=\" text-left text-lg-left \">Sito web:<\/h5><p class=\"\">www.fygconsultores.com<\/p><\/div><\/div><\/div><\/div>\t\t\t\t\t\t<\/div>\n\t\t\t\t<\/div>\n\t\t\t\t<div class=\"elementor-element elementor-element-171f6ce elementor-widget elementor-widget-text-editor\" data-id=\"171f6ce\" data-element_type=\"widget\" data-widget_type=\"text-editor.default\">\n\t\t\t\t<div class=\"elementor-widget-container\">\n\t\t\t\t\t\t\t<p>Instalofi Levante S.L. (FyG Consultores) is a private educational and training organisation, that promotes the local labour market as well as a lifelong learning process of adults, companies and young people.<br \/>FYG works actively on career development services to refer to a wide range of programs whose main purpose is to help individuals to gain the knowledge, skills and attitudes to manage their learning, work and careers. The training programs delivered by FyG are related to business creation and innovative concepts, entrepreneurship skills, digital skills, financial mindset, employability basic, cooperation behaviours and soft skills training. The wide experience in EU projects design and development lies in programs such as Erasmus+, Horizon2020, COSME and Erasmus for Young Entrepreneurs dealing with employability, Start Ups training, internationalization, Gamification and Innovation of the Entrepreneurial Training.<\/p>\t\t\t\t\t\t<\/div>\n\t\t\t\t<\/div>\n\t\t\t\t\t<\/div>\n\t\t\t\t<\/div>\n\t\t\t\t\t<\/div>\n\t\t\t\t<\/div>\n\t\t\t\t\t<\/div>\n\t\t<\/div>\n\t\t\t\t\t<\/div>\n\t\t<\/section>\n\t\t\t\t<section class=\"elementor-section elementor-top-section elementor-element elementor-element-5b21d8d elementor-section-full_width elementor-section-height-default elementor-section-height-default\" data-id=\"5b21d8d\" data-element_type=\"section\">\n\t\t\t\t\t\t<div class=\"elementor-container elementor-column-gap-no\">\n\t\t\t\t\t<div class=\"elementor-column elementor-col-100 elementor-top-column elementor-element elementor-element-35a766b\" data-id=\"35a766b\" data-element_type=\"column\">\n\t\t\t<div class=\"elementor-widget-wrap elementor-element-populated\">\n\t\t\t\t<div class=\"elementor-element elementor-element-2a62d28 e-flex e-con-boxed e-con e-parent\" data-id=\"2a62d28\" data-element_type=\"container\" data-core-v316-plus=\"true\">\n\t\t\t\t\t<div class=\"e-con-inner\">\n\t\t\t\t<div class=\"elementor-element elementor-element-d67889f elementor-widget elementor-widget-spacer\" data-id=\"d67889f\" data-element_type=\"widget\" data-widget_type=\"spacer.default\">\n\t\t\t\t<div class=\"elementor-widget-container\">\n\t\t\t\t\t<div class=\"elementor-spacer\">\n\t\t\t<div class=\"elementor-spacer-inner\"><\/div>\n\t\t<\/div>\n\t\t\t\t<\/div>\n\t\t\t\t<\/div>\n\t\t\t\t<div class=\"elementor-element elementor-element-a8b7e76 elementor-widget elementor-widget-heading bdevs-el heading\" data-id=\"a8b7e76\" data-element_type=\"widget\" data-settings=\"{&quot;design_style&quot;:&quot;style_1&quot;}\" data-widget_type=\"heading.default\">\n\t\t\t\t<div class=\"elementor-widget-container\">\n\t\t\t                            <div class=\"section__title-wrapper bdevs-el-content\">\r\n                                <h3 class=\"section-title bdevs-el-title  bdevs-el-btn section__title\">EVTA<\/h3>                            <\/div>\r\n        \r\n    \r\n        \t\t<\/div>\n\t\t\t\t<\/div>\n\t\t<div class=\"elementor-element elementor-element-de2826b e-grid e-con-boxed e-con e-child\" data-id=\"de2826b\" data-element_type=\"container\">\n\t\t\t\t\t<div class=\"e-con-inner\">\n\t\t\t\t<div class=\"elementor-element elementor-element-f64ddb0 elementor-widget elementor-widget-image\" data-id=\"f64ddb0\" data-element_type=\"widget\" data-widget_type=\"image.default\">\n\t\t\t\t<div class=\"elementor-widget-container\">\n\t\t\t\t\t\t\t\t\t\t\t\t\t<img decoding=\"async\" width=\"300\" height=\"171\" src=\"https:\/\/lms.acrossgen.eu\/wp-content\/uploads\/2024\/09\/logo_EVTA_19-e1590248530609-300x171-1-300x171-1.png\" class=\"attachment-large size-large wp-image-19429\" alt=\"\" \/>\t\t\t\t\t\t\t\t\t\t\t\t\t<\/div>\n\t\t\t\t<\/div>\n\t\t\t\t<div class=\"elementor-element elementor-element-7c8c4ca elementor-widget elementor-widget-text-editor\" data-id=\"7c8c4ca\" data-element_type=\"widget\" data-widget_type=\"text-editor.default\">\n\t\t\t\t<div class=\"elementor-widget-container\">\n\t\t\t\t\t\t\t<div class=\"media text-left text-lg-left\"><div class=\"media-body\"><div class=\"media text-left text-lg-left\"><div class=\"media-body\"><div class=\"media text-left text-lg-left\"><div class=\"media-body\"><h5 class=\" text-left text-lg-left \">Persona di contatto:<\/h5><p class=\"\">Clara Agostini Campista<\/p><\/div><\/div><div class=\"media text-left text-lg-left\"><div class=\"media-body\"><h5 class=\" text-left text-lg-left \">Indirizzo:<\/h5><p class=\"\">Rue Victor Oudart 7, 1030 Brussels, BELGIUM<\/p><\/div><\/div><div class=\"media text-left text-lg-left\"><div class=\"media-body\"><h5 class=\" text-left text-lg-left \"><span class=\"\">Email:<\/span><\/h5><p class=\"\">c.agostini@evta.eu<\/p><\/div><\/div><div class=\"media text-left text-lg-left\"><div class=\"media-body\"><h5 class=\" text-left text-lg-left \">Sito web:<\/h5><p class=\"\">www.evta.eu<\/p><\/div><\/div><\/div><\/div><\/div><\/div>\t\t\t\t\t\t<\/div>\n\t\t\t\t<\/div>\n\t\t\t\t<div class=\"elementor-element elementor-element-843fea1 elementor-widget elementor-widget-text-editor\" data-id=\"843fea1\" data-element_type=\"widget\" data-widget_type=\"text-editor.default\">\n\t\t\t\t<div class=\"elementor-widget-container\">\n\t\t\t\t\t\t\t<p>The European Vocational Training Association \u2013 EVTA, is a leading European network in the field of Vocational Education and Training, representing VET providers across Europe. Established in Belgium in 1998 as an International No-Profit Association (AISBL), EVTA is the result of the cooperation between VET providers from different EU countries in the framework of the Euroqualification project.<br \/>In the last decade, EVTA has evolved into an important stakeholder in the field of VET and human capital development, participating in various cooperation and concertation tables, providing support to its member organisations and ensuring that their needs and expectations are fulfilled.<\/p>\t\t\t\t\t\t<\/div>\n\t\t\t\t<\/div>\n\t\t\t\t\t<\/div>\n\t\t\t\t<\/div>\n\t\t\t\t\t<\/div>\n\t\t\t\t<\/div>\n\t\t\t\t\t<\/div>\n\t\t<\/div>\n\t\t\t\t\t<\/div>\n\t\t<\/section>\n\t\t\t\t<section class=\"elementor-section elementor-top-section elementor-element elementor-element-028ed24 elementor-section-full_width elementor-section-height-default elementor-section-height-default\" data-id=\"028ed24\" data-element_type=\"section\">\n\t\t\t\t\t\t<div class=\"elementor-container elementor-column-gap-no\">\n\t\t\t\t\t<div class=\"elementor-column elementor-col-100 elementor-top-column elementor-element elementor-element-8fe6c66\" data-id=\"8fe6c66\" data-element_type=\"column\">\n\t\t\t<div class=\"elementor-widget-wrap elementor-element-populated\">\n\t\t\t\t<div class=\"elementor-element elementor-element-fb9182e e-flex e-con-boxed e-con e-parent\" data-id=\"fb9182e\" data-element_type=\"container\" data-core-v316-plus=\"true\">\n\t\t\t\t\t<div class=\"e-con-inner\">\n\t\t\t\t<div class=\"elementor-element elementor-element-163e694 elementor-widget elementor-widget-spacer\" data-id=\"163e694\" data-element_type=\"widget\" data-widget_type=\"spacer.default\">\n\t\t\t\t<div class=\"elementor-widget-container\">\n\t\t\t\t\t<div class=\"elementor-spacer\">\n\t\t\t<div class=\"elementor-spacer-inner\"><\/div>\n\t\t<\/div>\n\t\t\t\t<\/div>\n\t\t\t\t<\/div>\n\t\t\t\t<div class=\"elementor-element elementor-element-60e9dc2 elementor-widget elementor-widget-heading bdevs-el heading\" data-id=\"60e9dc2\" data-element_type=\"widget\" data-settings=\"{&quot;design_style&quot;:&quot;style_1&quot;}\" data-widget_type=\"heading.default\">\n\t\t\t\t<div class=\"elementor-widget-container\">\n\t\t\t                            <div class=\"section__title-wrapper bdevs-el-content\">\r\n                                <h3 class=\"section-title bdevs-el-title  bdevs-el-btn section__title\">EduVita<\/h3>                            <\/div>\r\n        \r\n    \r\n        \t\t<\/div>\n\t\t\t\t<\/div>\n\t\t<div class=\"elementor-element elementor-element-469ed12 e-grid e-con-boxed e-con e-child\" data-id=\"469ed12\" data-element_type=\"container\">\n\t\t\t\t\t<div class=\"e-con-inner\">\n\t\t\t\t<div class=\"elementor-element elementor-element-1a34cdf elementor-widget elementor-widget-image\" data-id=\"1a34cdf\" data-element_type=\"widget\" data-widget_type=\"image.default\">\n\t\t\t\t<div class=\"elementor-widget-container\">\n\t\t\t\t\t\t\t\t\t\t\t\t\t<img loading=\"lazy\" decoding=\"async\" width=\"270\" height=\"73\" src=\"https:\/\/lms.acrossgen.eu\/wp-content\/uploads\/2024\/09\/Asset-1png-e1568884044778-270x73-1.png\" class=\"attachment-large size-large wp-image-19437\" alt=\"\" \/>\t\t\t\t\t\t\t\t\t\t\t\t\t<\/div>\n\t\t\t\t<\/div>\n\t\t\t\t<div class=\"elementor-element elementor-element-18899e8 elementor-widget elementor-widget-text-editor\" data-id=\"18899e8\" data-element_type=\"widget\" data-widget_type=\"text-editor.default\">\n\t\t\t\t<div class=\"elementor-widget-container\">\n\t\t\t\t\t\t\t<div class=\"media text-left text-lg-left\"><div class=\"media-body\"><div class=\"media text-left text-lg-left\"><div class=\"media-body\"><div class=\"media text-left text-lg-left\"><div class=\"media-body\"><div class=\"media text-left text-lg-left\"><div class=\"media-body\"><h5 class=\" text-left text-lg-left \">Persona di contatto:<\/h5><p class=\"\">Hanna Urbanovich<\/p><\/div><\/div><div class=\"media text-left text-lg-left\"><div class=\"media-body\"><h5 class=\" text-left text-lg-left \">Indirizzo:<\/h5><p class=\"\">via Principi di Savoia, 16, Lecce, ITALY<\/p><\/div><\/div><div class=\"media text-left text-lg-left\"><div class=\"media-body\"><h5 class=\" text-left text-lg-left \"><span class=\"\">Email:<\/span><\/h5><p class=\"\">info@eduvita.it<\/p><\/div><\/div><div class=\"media text-left text-lg-left\"><div class=\"media-body\"><h5 class=\" text-left text-lg-left \">Sito web:<\/h5><p class=\"\">www.eduvita.it<\/p><\/div><\/div><\/div><\/div><\/div><\/div><\/div><\/div>\t\t\t\t\t\t<\/div>\n\t\t\t\t<\/div>\n\t\t\t\t<div class=\"elementor-element elementor-element-a436234 elementor-widget elementor-widget-text-editor\" data-id=\"a436234\" data-element_type=\"widget\" data-widget_type=\"text-editor.default\">\n\t\t\t\t<div class=\"elementor-widget-container\">\n\t\t\t\t\t\t\t<p>EduVita \u00e8 un centro formativo, culturale ed intergenerazionale situato nel cuore di Lecce, Sud Italia, e fondato nel 2019.<br \/>EduVita rappresenta un luogo di connessione tra passato, presente e futuro: noi creiamo opportunit\u00e0 di apprendimento allo scopo di migliorare la qualit\u00e0 della vita delle persone anziane e giovani attraverso il dialogo intergenerazionale.<br \/>Ci concentriamo sulla ricerca pedagogica, sull\u2019insegnamento innovativo e sui processi di apprendimento, sulla progettazione del processo di apprendimento e sullo sviluppo di nuovi metodi basati sull\u2019Educazione degli Adulti e sugli approcci intergenerazionali all\u2019apprendimento.<\/p>\t\t\t\t\t\t<\/div>\n\t\t\t\t<\/div>\n\t\t\t\t\t<\/div>\n\t\t\t\t<\/div>\n\t\t\t\t\t<\/div>\n\t\t\t\t<\/div>\n\t\t\t\t\t<\/div>\n\t\t<\/div>\n\t\t\t\t\t<\/div>\n\t\t<\/section>\n\t\t\t\t<\/div>\n\t\t","protected":false},"excerpt":{"rendered":"<p>EuroProfis, s.r.o. Persona di contatto: Michaela Vr\u00e1nov\u00e1 Indirizzo: Vinohradsk\u00e1 29\/93 120 00 Praha 2, \u010cesk\u00e1 republika Email: michaela.vranova@europrofis.cz Sito web: [&hellip;]<\/p>\n","protected":false},"author":1,"featured_media":0,"parent":0,"menu_order":0,"comment_status":"closed","ping_status":"closed","template":"elementor_header_footer","meta":{"_acf_changed":false,"footnotes":""},"class_list":["post-19836","page","type-page","status-publish","hentry"],"acf":[],"_links":{"self":[{"href":"https:\/\/lms.acrossgen.eu\/it\/wp-json\/wp\/v2\/pages\/19836","targetHints":{"allow":["GET"]}}],"collection":[{"href":"https:\/\/lms.acrossgen.eu\/it\/wp-json\/wp\/v2\/pages"}],"about":[{"href":"https:\/\/lms.acrossgen.eu\/it\/wp-json\/wp\/v2\/types\/page"}],"author":[{"embeddable":true,"href":"https:\/\/lms.acrossgen.eu\/it\/wp-json\/wp\/v2\/users\/1"}],"replies":[{"embeddable":true,"href":"https:\/\/lms.acrossgen.eu\/it\/wp-json\/wp\/v2\/comments?post=19836"}],"version-history":[{"count":7,"href":"https:\/\/lms.acrossgen.eu\/it\/wp-json\/wp\/v2\/pages\/19836\/revisions"}],"predecessor-version":[{"id":20114,"href":"https:\/\/lms.acrossgen.eu\/it\/wp-json\/wp\/v2\/pages\/19836\/revisions\/20114"}],"wp:attachment":[{"href":"https:\/\/lms.acrossgen.eu\/it\/wp-json\/wp\/v2\/media?parent=19836"}],"curies":[{"name":"wp","href":"https:\/\/api.w.org\/{rel}","templated":true}]}}